{"id":1469,"date":"2024-01-23T13:04:55","date_gmt":"2024-01-23T13:04:55","guid":{"rendered":"https:\/\/www.rejsujtaniej.pl\/?page_id=1469"},"modified":"2024-01-23T15:46:20","modified_gmt":"2024-01-23T15:46:20","slug":"prezentacja-biznesowa","status":"publish","type":"page","link":"https:\/\/www.rejsujtaniej.pl\/en\/prezentacja-biznesowa\/","title":{"rendered":"Jak zarabia\u0107 podr\u00f3\u017cuj\u0105c"},"content":{"rendered":"<p>[et_pb_section fb_built=&#8221;1&#8243; _builder_version=&#8221;4.22.2&#8243; _module_preset=&#8221;default&#8221; background_color=&#8221;#FFFFFF&#8221; background_image=&#8221;https:\/\/www.rejsujtaniej.pl\/wp-content\/uploads\/2023\/10\/91.jpg&#8221; background_position=&#8221;bottom_left&#8221; custom_padding=&#8221;51px||0px||false|false&#8221; global_colors_info=&#8221;{}&#8221;][et_pb_row _builder_version=&#8221;4.17.1&#8243; _module_preset=&#8221;default&#8221; width=&#8221;90%&#8221; custom_padding=&#8221;20px|20px|20px|20px|true|true&#8221; global_colors_info=&#8221;{}&#8221;][et_pb_column type=&#8221;4_4&#8243; _builder_version=&#8221;4.17.1&#8243; _module_preset=&#8221;default&#8221; global_colors_info=&#8221;{}&#8221;][et_pb_text _builder_version=&#8221;4.24.0&#8243; _module_preset=&#8221;default&#8221; header_font=&#8221;Montserrat|800||on|||||&#8221; header_text_color=&#8221;#FFFFFF&#8221; header_font_size=&#8221;62px&#8221; text_orientation=&#8221;center&#8221; header_font_size_tablet=&#8221;42px&#8221; header_font_size_phone=&#8221;32px&#8221; header_font_size_last_edited=&#8221;on|phone&#8221; header_text_shadow_style=&#8221;preset2&#8243; header_text_shadow_color=&#8221;rgba(0,0,0,0.09)&#8221; global_colors_info=&#8221;{}&#8221;]<\/p>\n<h1>Jak zarabia\u0107 podr\u00f3zuj\u0105c?<\/h1>\n<p>[\/et_pb_text][\/et_pb_column][\/et_pb_row][et_pb_row _builder_version=&#8221;4.17.1&#8243; _module_preset=&#8221;default&#8221; background_enable_color=&#8221;off&#8221; width=&#8221;90%&#8221; custom_padding=&#8221;0px||0px||false|false&#8221; global_colors_info=&#8221;{}&#8221;][et_pb_column type=&#8221;4_4&#8243; _builder_version=&#8221;4.17.1&#8243; _module_preset=&#8221;default&#8221; global_colors_info=&#8221;{}&#8221;][et_pb_video src=&#8221;https:\/\/www.youtube.com\/watch?v=HhCX6h1XHPM&#8221; image_src=&#8221;https:\/\/www.rejsujtaniej.pl\/wp-content\/uploads\/2022\/04\/wyspa-tropikalna.jpg&#8221; play_icon_color=&#8221;gcid-45f52eec-d330-418a-a510-bdd7e59074ab&#8221; font_icon=&#8221;&#xf144;||fa||900&#8243; use_icon_font_size=&#8221;on&#8221; icon_font_size=&#8221;95px&#8221; _builder_version=&#8221;4.24.0&#8243; _module_preset=&#8221;default&#8221; custom_margin=&#8221;||-2px|||&#8221; custom_padding=&#8221;0px||0px||false|false&#8221; hover_enabled=&#8221;0&#8243; border_width_all=&#8221;8px&#8221; border_color_all=&#8221;rgba(255,255,255,0.47)&#8221; box_shadow_style=&#8221;preset3&#8243; box_shadow_blur=&#8221;50px&#8221; box_shadow_color=&#8221;rgba(0,0,0,0.15)&#8221; global_colors_info=&#8221;{%22gcid-45f52eec-d330-418a-a510-bdd7e59074ab%22:%91%22play_icon_color%22%93}&#8221; sticky_enabled=&#8221;0&#8243;][\/et_pb_video][\/et_pb_column][\/et_pb_row][et_pb_row _builder_version=&#8221;4.17.1&#8243; _module_preset=&#8221;default&#8221; width=&#8221;100%&#8221; max_width=&#8221;100%&#8221; custom_margin=&#8221;-4px|auto||auto||&#8221; custom_padding=&#8221;0px||35px||false|false&#8221; global_colors_info=&#8221;{}&#8221;][et_pb_column type=&#8221;4_4&#8243; _builder_version=&#8221;4.17.1&#8243; _module_preset=&#8221;default&#8221; global_colors_info=&#8221;{}&#8221;][\/et_pb_column][\/et_pb_row][\/et_pb_section][et_pb_section fb_built=&#8221;1&#8243; _builder_version=&#8221;4.17.1&#8243; _module_preset=&#8221;default&#8221; z_index=&#8221;10&#8243; custom_padding=&#8221;0px||||false|false&#8221; global_colors_info=&#8221;{}&#8221;][et_pb_row _builder_version=&#8221;4.22.2&#8243; _module_preset=&#8221;default&#8221; width=&#8221;90%&#8221; custom_padding=&#8221;20px|20px|20px|20px|true|true&#8221; border_width_all=&#8221;1px&#8221; border_color_all=&#8221;#000000&#8243; border_style_all=&#8221;dashed&#8221; locked=&#8221;off&#8221; global_colors_info=&#8221;{}&#8221;][et_pb_column type=&#8221;4_4&#8243; _builder_version=&#8221;4.17.1&#8243; _module_preset=&#8221;default&#8221; global_colors_info=&#8221;{}&#8221;][et_pb_text _builder_version=&#8221;4.24.0&#8243; _module_preset=&#8221;default&#8221; text_text_color=&#8221;#000000&#8243; header_font=&#8221;Montserrat|800||on|||||&#8221; header_text_color=&#8221;#000000&#8243; header_font_size=&#8221;36px&#8221; text_orientation=&#8221;center&#8221; global_colors_info=&#8221;{}&#8221;]<\/p>\n<h1>Chcesz porozmawia\u0107 o szczeg\u00f3\u0142ach?<\/h1>\n<p>Wype\u0142nij ankiet\u0119 poni\u017cej<\/p>\n<p>[\/et_pb_text][\/et_pb_column][\/et_pb_row][et_pb_row use_custom_gutter=&#8221;on&#8221; gutter_width=&#8221;2&#8243; _builder_version=&#8221;4.17.1&#8243; _module_preset=&#8221;default&#8221; width=&#8221;90%&#8221; custom_padding=&#8221;||18px|||&#8221; locked=&#8221;off&#8221; global_colors_info=&#8221;{}&#8221;][et_pb_column type=&#8221;4_4&#8243; _builder_version=&#8221;4.17.1&#8243; _module_preset=&#8221;default&#8221; global_colors_info=&#8221;{}&#8221;][et_pb_button button_text=&#8221;Wype\u0142nij ankiet\u0119 &#8221; button_alignment=&#8221;center&#8221; _builder_version=&#8221;4.24.0&#8243; _module_preset=&#8221;default&#8221; global_colors_info=&#8221;{}&#8221;][\/et_pb_button][\/et_pb_column][\/et_pb_row][\/et_pb_section]<\/p>","protected":false},"excerpt":{"rendered":"<p>Jak zarabia\u0107 podr\u00f3zuj\u0105c?Chcesz porozmawia\u0107 o szczeg\u00f3\u0142ach? Wype\u0142nij ankiet\u0119 poni\u017cej<\/p>","protected":false},"author":3,"featured_media":0,"parent":0,"menu_order":0,"comment_status":"closed","ping_status":"closed","template":"page-template-blank.php","meta":{"_et_pb_use_builder":"on","_et_pb_old_content":"","_et_gb_content_width":"","footnotes":""},"yoast_head":"<!-- This site is optimized with the Yoast SEO plugin v23.9 - https:\/\/yoast.com\/wordpress\/plugins\/seo\/ -->\n<title>Jak zarabia\u0107 podr\u00f3\u017cuj\u0105c - Darmowe Podr&oacute;\u017ce - Strona Partnera<\/title>\n<meta name=\"robots\" content=\"noindex, follow, max-snippet:-1, max-image-preview:large, max-video-preview:-1\" \/>\n<meta property=\"og:locale\" content=\"en_GB\" \/>\n<meta property=\"og:type\" content=\"article\" \/>\n<meta property=\"og:title\" content=\"Jak zarabia\u0107 podr\u00f3\u017cuj\u0105c - Darmowe Podr&oacute;\u017ce - Strona Partnera\" \/>\n<meta property=\"og:description\" content=\"Jak zarabia\u0107 podr\u00f3zuj\u0105c?Chcesz porozmawia\u0107 o szczeg\u00f3\u0142ach? Wype\u0142nij ankiet\u0119 poni\u017cej\" \/>\n<meta property=\"og:url\" content=\"https:\/\/www.rejsujtaniej.pl\/en\/prezentacja-biznesowa\/\" \/>\n<meta property=\"og:site_name\" content=\"Darmowe Podr&oacute;\u017ce - Strona Partnera\" \/>\n<meta property=\"article:modified_time\" content=\"2024-01-23T15:46:20+00:00\" \/>\n<meta name=\"twitter:card\" content=\"summary_large_image\" \/>\n<meta name=\"twitter:label1\" content=\"Estimated reading time\" \/>\n\t<meta name=\"twitter:data1\" content=\"3 minutes\" \/>\n<script type=\"application\/ld+json\" class=\"yoast-schema-graph\">{\"@context\":\"https:\/\/schema.org\",\"@graph\":[{\"@type\":\"WebPage\",\"@id\":\"https:\/\/www.rejsujtaniej.pl\/prezentacja-biznesowa\/\",\"url\":\"https:\/\/www.rejsujtaniej.pl\/prezentacja-biznesowa\/\",\"name\":\"Jak zarabia\u0107 podr\u00f3\u017cuj\u0105c - Darmowe Podr&oacute;\u017ce - Strona Partnera\",\"isPartOf\":{\"@id\":\"https:\/\/www.rejsujtaniej.pl\/#website\"},\"datePublished\":\"2024-01-23T13:04:55+00:00\",\"dateModified\":\"2024-01-23T15:46:20+00:00\",\"breadcrumb\":{\"@id\":\"https:\/\/www.rejsujtaniej.pl\/prezentacja-biznesowa\/#breadcrumb\"},\"inLanguage\":\"en-GB\",\"potentialAction\":[{\"@type\":\"ReadAction\",\"target\":[\"https:\/\/www.rejsujtaniej.pl\/prezentacja-biznesowa\/\"]}]},{\"@type\":\"BreadcrumbList\",\"@id\":\"https:\/\/www.rejsujtaniej.pl\/prezentacja-biznesowa\/#breadcrumb\",\"itemListElement\":[{\"@type\":\"ListItem\",\"position\":1,\"name\":\"Strona g\u0142\u00f3wna\",\"item\":\"https:\/\/www.rejsujtaniej.pl\/\"},{\"@type\":\"ListItem\",\"position\":2,\"name\":\"Jak zarabia\u0107 podr\u00f3\u017cuj\u0105c\"}]},{\"@type\":\"WebSite\",\"@id\":\"https:\/\/www.rejsujtaniej.pl\/#website\",\"url\":\"https:\/\/www.rejsujtaniej.pl\/\",\"name\":\"Darmowe Podr&oacute;\u017ce - Strona Partnera\",\"description\":\"Darmowe Podr&oacute;\u017ce - Strona Partnera\",\"potentialAction\":[{\"@type\":\"SearchAction\",\"target\":{\"@type\":\"EntryPoint\",\"urlTemplate\":\"https:\/\/www.rejsujtaniej.pl\/?s={search_term_string}\"},\"query-input\":{\"@type\":\"PropertyValueSpecification\",\"valueRequired\":true,\"valueName\":\"search_term_string\"}}],\"inLanguage\":\"en-GB\"}]}<\/script>\n<!-- \/ Yoast SEO plugin. -->","yoast_head_json":{"title":"Jak zarabia\u0107 podr\u00f3\u017cuj\u0105c - Darmowe Podr&oacute;\u017ce - Strona Partnera","robots":{"index":"noindex","follow":"follow","max-snippet":"max-snippet:-1","max-image-preview":"max-image-preview:large","max-video-preview":"max-video-preview:-1"},"og_locale":"en_GB","og_type":"article","og_title":"Jak zarabia\u0107 podr\u00f3\u017cuj\u0105c - Darmowe Podr&oacute;\u017ce - Strona Partnera","og_description":"Jak zarabia\u0107 podr\u00f3zuj\u0105c?Chcesz porozmawia\u0107 o szczeg\u00f3\u0142ach? Wype\u0142nij ankiet\u0119 poni\u017cej","og_url":"https:\/\/www.rejsujtaniej.pl\/en\/prezentacja-biznesowa\/","og_site_name":"Darmowe Podr&oacute;\u017ce - Strona Partnera","article_modified_time":"2024-01-23T15:46:20+00:00","twitter_card":"summary_large_image","twitter_misc":{"Estimated reading time":"3 minutes"},"schema":{"@context":"https:\/\/schema.org","@graph":[{"@type":"WebPage","@id":"https:\/\/www.rejsujtaniej.pl\/prezentacja-biznesowa\/","url":"https:\/\/www.rejsujtaniej.pl\/prezentacja-biznesowa\/","name":"Jak zarabia\u0107 podr\u00f3\u017cuj\u0105c - Darmowe Podr&oacute;\u017ce - Strona Partnera","isPartOf":{"@id":"https:\/\/www.rejsujtaniej.pl\/#website"},"datePublished":"2024-01-23T13:04:55+00:00","dateModified":"2024-01-23T15:46:20+00:00","breadcrumb":{"@id":"https:\/\/www.rejsujtaniej.pl\/prezentacja-biznesowa\/#breadcrumb"},"inLanguage":"en-GB","potentialAction":[{"@type":"ReadAction","target":["https:\/\/www.rejsujtaniej.pl\/prezentacja-biznesowa\/"]}]},{"@type":"BreadcrumbList","@id":"https:\/\/www.rejsujtaniej.pl\/prezentacja-biznesowa\/#breadcrumb","itemListElement":[{"@type":"ListItem","position":1,"name":"Strona g\u0142\u00f3wna","item":"https:\/\/www.rejsujtaniej.pl\/"},{"@type":"ListItem","position":2,"name":"Jak zarabia\u0107 podr\u00f3\u017cuj\u0105c"}]},{"@type":"WebSite","@id":"https:\/\/www.rejsujtaniej.pl\/#website","url":"https:\/\/www.rejsujtaniej.pl\/","name":"Darmowe Podr&oacute;\u017ce - Strona Partnera","description":"Darmowe Podr&oacute;\u017ce - Strona Partnera","potentialAction":[{"@type":"SearchAction","target":{"@type":"EntryPoint","urlTemplate":"https:\/\/www.rejsujtaniej.pl\/?s={search_term_string}"},"query-input":{"@type":"PropertyValueSpecification","valueRequired":true,"valueName":"search_term_string"}}],"inLanguage":"en-GB"}]}},"_links":{"self":[{"href":"https:\/\/www.rejsujtaniej.pl\/en\/wp-json\/wp\/v2\/pages\/1469"}],"collection":[{"href":"https:\/\/www.rejsujtaniej.pl\/en\/wp-json\/wp\/v2\/pages"}],"about":[{"href":"https:\/\/www.rejsujtaniej.pl\/en\/wp-json\/wp\/v2\/types\/page"}],"author":[{"embeddable":true,"href":"https:\/\/www.rejsujtaniej.pl\/en\/wp-json\/wp\/v2\/users\/3"}],"replies":[{"embeddable":true,"href":"https:\/\/www.rejsujtaniej.pl\/en\/wp-json\/wp\/v2\/comments?post=1469"}],"version-history":[{"count":3,"href":"https:\/\/www.rejsujtaniej.pl\/en\/wp-json\/wp\/v2\/pages\/1469\/revisions"}],"predecessor-version":[{"id":1473,"href":"https:\/\/www.rejsujtaniej.pl\/en\/wp-json\/wp\/v2\/pages\/1469\/revisions\/1473"}],"wp:attachment":[{"href":"https:\/\/www.rejsujtaniej.pl\/en\/wp-json\/wp\/v2\/media?parent=1469"}],"curies":[{"name":"wp","href":"https:\/\/api.w.org\/{rel}","templated":true}]}}